{"id":2319,"date":"2019-09-25T14:05:00","date_gmt":"2019-09-25T14:05:00","guid":{"rendered":"https:\/\/oftalmologijabih.ba\/dental-home-page\/"},"modified":"2024-07-03T17:26:16","modified_gmt":"2024-07-03T15:26:16","slug":"dental-home-page","status":"publish","type":"page","link":"https:\/\/oftalmologijabih.ba\/en\/","title":{"rendered":"Oftalmologija BiH"},"content":{"rendered":"<p>[vc_row rsclass=&#8221;clean&#8221; el_class=&#8221;section mt-0&#8243;][vc_column rsclass=&#8221;clean&#8221;][theme_rslider_element dots=&#8221;true&#8221; zoom=&#8221;false&#8221; rs_images=&#8221;3728,1960&#8243;]<\/p>\n<div class=\"slide-txt1\" data-animation=\"fadeInDown\" data-animation-delay=\"1s\">SARAJEVO 2024<br class=\"tt\" \/><strong class=\"tt\">KONFERENCIJA<\/strong><\/div>\n<div class=\"slide-txt2\" data-animation=\"fadeInUp\" data-animation-delay=\"1.5s\">Odr\u017ean \u010cetvrti Internacionalni Oftalmolo\u0161ki Simpozijum<\/div>\n<div class=\"slide-btn\"><a class=\"btn btn-white\" href=\"https:\/\/oftalmologijabih.ba\/en\/odrzan-je-cetvrti-internacionalni-oftalmoloski-simpozijum\/\" data-animation=\"fadeInUp\" data-animation-delay=\"2s\"><svg class=\"icon icon-right-arrow\" version=\"1.1\" xmlns=\"http:\/\/www.w3.org\/2000\/svg\" width=\"32\" height=\"32\" viewBox=\"0 0 32 32\"><path d=\"M21.548 5.088c-0.436-0.451-1.162-0.451-1.613 0-0.436 0.436-0.436 1.162 0 1.596l8.177 8.177h-26.984c-0.629 0.001-1.129 0.501-1.129 1.13s0.5 1.145 1.129 1.145h26.984l-8.177 8.162c-0.436 0.451-0.436 1.178 0 1.613 0.451 0.451 1.178 0.451 1.613 0l10.113-10.113c0.451-0.436 0.451-1.162 0-1.596l-10.113-10.114z\"><\/path><\/svg>Detaljnije<svg class=\"icon icon-right-arrow\" version=\"1.1\" xmlns=\"http:\/\/www.w3.org\/2000\/svg\" width=\"32\" height=\"32\" viewBox=\"0 0 32 32\"><path d=\"M21.548 5.088c-0.436-0.451-1.162-0.451-1.613 0-0.436 0.436-0.436 1.162 0 1.596l8.177 8.177h-26.984c-0.629 0.001-1.129 0.501-1.129 1.13s0.5 1.145 1.129 1.145h26.984l-8.177 8.162c-0.436 0.451-0.436 1.178 0 1.613 0.451 0.451 1.178 0.451 1.613 0l10.113-10.113c0.451-0.436 0.451-1.162 0-1.596l-10.113-10.114z\"><\/path><\/svg><\/a><\/div>\n<p>{slide}<\/p>\n<div class=\"slide-txt1\" data-animation=\"fadeInDown\" data-animation-delay=\"1s\">DOBRO DO\u0160LI<br class=\"tt\" \/><strong class=\"tt\">OFTALMOLOGIJA BIH<\/strong><\/div>\n<div class=\"slide-txt2\" data-animation=\"fadeInUp\" data-animation-delay=\"1.5s\">Online platforma za oftalmologe, pacijente i \u0161iru javnost<\/div>\n<div class=\"slide-btn\"><a class=\"btn btn-white\" href=\"https:\/\/oftalmologijabih.ba\/en\/o-nama\/\" data-animation=\"fadeInUp\" data-animation-delay=\"2s\"><svg class=\"icon icon-right-arrow\" version=\"1.1\" xmlns=\"http:\/\/www.w3.org\/2000\/svg\" width=\"32\" height=\"32\" viewBox=\"0 0 32 32\"><path d=\"M21.548 5.088c-0.436-0.451-1.162-0.451-1.613 0-0.436 0.436-0.436 1.162 0 1.596l8.177 8.177h-26.984c-0.629 0.001-1.129 0.501-1.129 1.13s0.5 1.145 1.129 1.145h26.984l-8.177 8.162c-0.436 0.451-0.436 1.178 0 1.613 0.451 0.451 1.178 0.451 1.613 0l10.113-10.113c0.451-0.436 0.451-1.162 0-1.596l-10.113-10.114z\"><\/path><\/svg>Detaljnije<svg class=\"icon icon-right-arrow\" version=\"1.1\" xmlns=\"http:\/\/www.w3.org\/2000\/svg\" width=\"32\" height=\"32\" viewBox=\"0 0 32 32\"><path d=\"M21.548 5.088c-0.436-0.451-1.162-0.451-1.613 0-0.436 0.436-0.436 1.162 0 1.596l8.177 8.177h-26.984c-0.629 0.001-1.129 0.501-1.129 1.13s0.5 1.145 1.129 1.145h26.984l-8.177 8.162c-0.436 0.451-0.436 1.178 0 1.613 0.451 0.451 1.178 0.451 1.613 0l10.113-10.113c0.451-0.436 0.451-1.162 0-1.596l-10.113-10.114z\"><\/path><\/svg><\/a><\/div>\n<p>[\/theme_rslider_element][\/vc_column][\/vc_row][vc_row rsclass=&#8221;clean&#8221; el_class=&#8221;section&#8221; css=&#8221;.vc_custom_1626074998329{margin-top: 50px !important;}&#8221;][vc_column rsclass=&#8221;clean&#8221; el_class=&#8221;container&#8221;][vc_row_inner rsclass=&#8221;clean&#8221; el_class=&#8221;row text-center text-md-left text-lg-left&#8221;][vc_column_inner el_class=&#8221;col-md-6 ch-block-welcome-left&#8221; width=&#8221;1\/2&#8243; rsclass=&#8221;clean&#8221;][vc_column_text rsclass=&#8221;clean&#8221;]<\/p>\n<h2 class=\"h1\">Oftalmologija <span class=\"theme-color\">BiH<\/span><\/h2>\n<div class=\"h-sub\"><span class=\"text-wide\">Online platforma za oftalmologe, pacijente i \u0161iru javnost<\/span><\/div>\n<p>[\/vc_column_text][vc_column_text rsclass=&#8221;clean&#8221;]<strong>Misija<\/strong>: Online platforma Oftalmologija BiH namjenjena je svim oftalmolozima BiH, Dijaspore i internacionalnim kolegama u cilju razvoja, usavr\u0161avanja, razmjene znanja i iskustava, te promocije oftalmologije i struke na nacionalnom i internacionalnom nivou. Tako\u0111er cilj je sveobuhvatna informiranost, te edukacija na\u0161ih pacijenata. Platforma je podr\u017eana od strane Bosanskohercegova\u010dko \u2013 ameri\u010dke akademije umjetnosti i nauke \u2013 <a href=\"https:\/\/bhaaas.org\" target=\"_blank\" rel=\"noopener\">BHAAAS<\/a>, u sklopu koje djeluje sekcija za oftalmologiju koja je pokreta\u010d cjelokupne ideje o formiranju online platforme za oftalmologiju.<\/p>\n<p><strong>Ciljevi<\/strong>: Oftalmolo\u0161ka platforma\/portal \u0107e slu\u017eiti kao katalizator budu\u0107ih promjena u oftalmologiji BiH te promovirati oblast oftalmologije pod nazivom okuloplastika.<\/p>\n<p>Platforma \u0107e predstavljati mjesto za unaprije\u0111enje edukacije, pristupa informacijama, interdisciplinarnosti, saradnje, me\u0111usobne povezanosti, te pru\u017eanja najsavremenijeg tretmana i informacija pacijentima.[\/vc_column_text][vc_column_text rsclass=&#8221;clean&#8221; el_class=&#8221;ch-btn-link-block&#8221;]<a class=\"btn-link\" href=\"https:\/\/oftalmologijabih.ba\/en\/o-nama\/\" rel=\"noopener noreferrer\">O nama<svg class=\"icon icon-right-arrow\" version=\"1.1\" xmlns=\"http:\/\/www.w3.org\/2000\/svg\" width=\"32\" height=\"32\" viewBox=\"0 0 32 32\"><path d=\"M21.548 5.088c-0.436-0.451-1.162-0.451-1.613 0-0.436 0.436-0.436 1.162 0 1.596l8.177 8.177h-26.984c-0.629 0.001-1.129 0.501-1.129 1.13s0.5 1.145 1.129 1.145h26.984l-8.177 8.162c-0.436 0.451-0.436 1.178 0 1.613 0.451 0.451 1.178 0.451 1.613 0l10.113-10.113c0.451-0.436 0.451-1.162 0-1.596l-10.113-10.114z\"><\/path><\/svg><\/a>[\/vc_column_text][\/vc_column_inner][vc_column_inner el_class=&#8221;col-md-6 mt-md-0 ch-block-welcome-right&#8221; width=&#8221;1\/2&#8243; rsclass=&#8221;clean&#8221;][vc_single_image image=&#8221;2686&#8243; img_size=&#8221;full&#8221; onclick=&#8221;custom_link&#8221; img_link_target=&#8221;_blank&#8221; rsclass=&#8221;clean&#8221; link=&#8221;https:\/\/www.youtube.com\/watch?v=By69hwMCtpc&#8221; el_class=&#8221;ch-video-block&#8221;]<\/p>\n<div class=\"ch-video-block__btn ch-pulse\"><a class=\"video-btn js-video-btn\" href=\"#\" target=\"_blank\" rel=\"noopener noreferrer\" data-toggle=\"modal\" data-src=\"https:\/\/www.youtube.com\/embed\/1p1hAaLv6LA\" data-target=\"#videoModal\"><svg class=\"icon icon-27223\" version=\"1.1\" xmlns=\"http:\/\/www.w3.org\/2000\/svg\" width=\"32\" height=\"32\" viewBox=\"0 0 32 32\"><path d=\"M9.536 5.246c-2.029-1.164-3.673-0.21-3.673 2.127v17.251c0 2.34 1.645 3.292 3.673 2.13l15.078-8.648c2.029-1.164 2.029-3.050 0-4.214l-15.078-8.647z\"><\/path><\/svg><\/a><\/div>\n<div id=\"videoModal\" class=\"modal fade\">\n<div class=\"modal-dialog\">\n<div class=\"modal-content\">\n<div class=\"modal-body\">\n<div class=\"embed-responsive embed-responsive-16by9\"><iframe class=\"embed-responsive-item video\" src=\"https:\/\/www.youtube.com\/embed\/1p1hAaLv6LA\"><\/iframe><\/div>\n<\/div>\n<\/div>\n<\/div>\n<\/div>\n<p>[\/vc_single_image][\/vc_column_inner][\/vc_row_inner][\/vc_column][\/vc_row][vc_row full_width=&#8221;stretch_row&#8221; rsclass=&#8221;clean&#8221; el_class=&#8221;section tt_pt_20&#8243; css=&#8221;.vc_custom_1618989177862{margin-top: 50px !important;margin-bottom: 10px !important;padding-top: 40px !important;padding-bottom: 50px !important;background-color: #f2f2f2 !important;}&#8221;][vc_column rsclass=&#8221;clean&#8221; el_class=&#8221;container&#8221;][vc_row_inner rsclass=&#8221;clean&#8221;][vc_column_inner el_class=&#8221;title-wrap text-center&#8221; rsclass=&#8221;clean&#8221;][vc_custom_heading text=&#8221;Dijapazon okuloplasti\u010dnih tretmana&#8221; font_container=&#8221;tag:h3|text_align:left&#8221; use_theme_fonts=&#8221;yes&#8221; rs_decor_place=&#8221;1&#8243;][\/vc_custom_heading][\/vc_column_inner][\/vc_row_inner][vc_row_inner][vc_column_inner width=&#8221;1\/2&#8243;][vc_column_text]<\/p>\n<ol>\n<li>Blefaroplastika (uklanjanje vi\u0161ka ko\u017ee i masnih jastu\u010di\u0107a iz kapaka)<\/li>\n<li>Ptoza (hirur\u0161ko podizanje gornjeg kapka)<\/li>\n<li>Suspenzija frontalisa (podizanje gornjeg kapka upotrebom \u010deonog mi\u0161i\u0107a)<\/li>\n<li>Operacije entropiona (kapci uvrnuti unutra)<\/li>\n<li>Operacije ektropiona (kapci izvrnuti vani)<\/li>\n<li>Browplastika (podizanje spu\u0161tenih obrva)<\/li>\n<li>Rekonstrukcije defekata kapaka nakon operacije tumora ili povreda<\/li>\n<li>Dakriocistorinostomija (tretman za\u010depljenog nazolakrimalnog kanala)<\/li>\n<li>Punktoplastika (otvaranje za\u010depljenih odvodnih otvora suznog sistema)<\/li>\n<li>Mid-face lift (podizanje i stabilizacija obraza i srednjeg lica)<\/li>\n<\/ol>\n<p>[\/vc_column_text][\/vc_column_inner][vc_column_inner width=&#8221;1\/2&#8243;][vc_column_text]<\/p>\n<ol start=\"11\">\n<li>Kantoplastika i kantopeksija (stabilizacija vanjskog dijela donjeg kapka)<\/li>\n<li>Uklanjanje izraslina i tumora periokularne regije<\/li>\n<li>Operacije tumora orbite<\/li>\n<li>Dekompresija orbite (vra\u0107anje egzoftalmi\u010dnog oka prema unutra u orbitu)<\/li>\n<li>Operacije frakture (loma) poda orbite<\/li>\n<li>Enukleacija i evisceracija (uklanjanje oka ili unutra\u0161njeg sadr\u017eaja oka)<\/li>\n<li>Rekonstrukcija anoftalmi\u010dne kesice nakon odstranjenja oka<\/li>\n<li>Dermis-fat graft (nadoknada volumena orbite nakon odstranjenja oka)<\/li>\n<li>Aplikacija funkcionalnog i kozmetskog Botoxa<\/li>\n<li>Aplikacija funkcionalnih i kozmetskih filera<\/li>\n<\/ol>\n<p>[\/vc_column_text][\/vc_column_inner][\/vc_row_inner][\/vc_column][\/vc_row][vc_row rsclass=&#8221;clean&#8221; el_class=&#8221;section&#8221;][vc_column rsclass=&#8221;clean&#8221; el_class=&#8221;container&#8221;][vc_row_inner rsclass=&#8221;clean&#8221; el_class=&#8221;row&#8221;][vc_column_inner el_class=&#8221;col-lg-4&#8243; width=&#8221;1\/2&#8243; rsclass=&#8221;clean&#8221;][vc_custom_heading text=&#8221;Okuloplastika&#8221; font_container=&#8221;tag:h3|text_align:left&#8221; use_theme_fonts=&#8221;yes&#8221; rs_decor_place=&#8221;1&#8243;][\/vc_custom_heading][vc_column_text]Okuloplastika je relativno mlada disciplina oftalmologije koja se bavi hirur\u0161kim procedurama periokularne regije, ko\u0161tanog okvira ili orbite, te adneksima oka i to suznim putevima, suznom \u017eljezdom i kapcima. Uklju\u010duje rekonstruktivne zahvate nakon povreda periokularne regije, odstranjenja tumora, odstranjenja oka, te funkcionalne i kozmetske zahvate podmla\u0111ivanja periokularne regije.<br \/>\nOkuloplastika uklju\u010duje interdisciplinaran pristup mnogim sistemskim bolestima, te \u010desto uklju\u010duje timski rad sa maksilofacijalnim hirurgom, neurohirurgom, otorinolaringologom i endokrinologom.[\/vc_column_text][\/vc_column_inner][vc_column_inner el_class=&#8221;col-lg-8 mt-4 mt-lg-0&#8243; width=&#8221;1\/2&#8243; rsclass=&#8221;clean&#8221;][theme_gallery_popover_element gal_type=&#8221;sync&#8221; gal_sync_images=&#8221;2501,2499,2698,2692,2497&#8243; gal_images_thumbs=&#8221;2501,2499,2698,2692,2497&#8243;][\/theme_gallery_popover_element][\/vc_column_inner][\/vc_row_inner][\/vc_column][\/vc_row][vc_row equal_height=&#8221;yes&#8221; rsclass=&#8221;clean&#8221; el_class=&#8221;container&#8221; css=&#8221;.vc_custom_1615471694574{margin-top: 40px !important;}&#8221;][vc_column][vc_column_text rsclass=&#8221;clean&#8221;]<\/p>\n<div class=\"title-wrap text-center theme-color\">\n<h2 class=\"entry-title7 h1 tt-theme-tag\">Stru\u010dni \u010dlanci<\/h2>\n<div class=\"h-decor\"><\/div>\n<\/div>\n<p>[\/vc_column_text][theme_posts_element count=&#8221;3&#8243; slides_title=&#8221;1&#8243; slides_date=&#8221;1&#8243; slides_date_type=&#8221;text&#8221; slides_rm=&#8221;1&#8243; orderby=&#8221;date&#8221; posttypes=&#8221;post&#8221; categories=&#8221;Strucni clanci&#8221; post_decor=&#8221;blog-post-style3&#8243;][\/vc_column][\/vc_row][vc_row equal_height=&#8221;yes&#8221; rsclass=&#8221;clean&#8221; el_class=&#8221;container&#8221; css=&#8221;.vc_custom_1615471701877{margin-top: 40px !important;}&#8221;][vc_column][vc_column_text rsclass=&#8221;clean&#8221;]<\/p>\n<div class=\"title-wrap text-center theme-color\">\n<h2 class=\"entry-title7 h1 tt-theme-tag\">Novosti<\/h2>\n<div class=\"h-decor\"><\/div>\n<\/div>\n<p>[\/vc_column_text][theme_posts_element count=&#8221;3&#8243; slides_title=&#8221;1&#8243; slides_date=&#8221;1&#8243; slides_date_type=&#8221;text&#8221; slides_rm=&#8221;1&#8243; posttypes=&#8221;post&#8221; categories=&#8221;Novosti&#8221; post_decor=&#8221;blog-post-style3&#8243;][\/vc_column][\/vc_row][vc_row rsclass=&#8221;clean&#8221; el_id=&#8221;modalQuestionForm&#8221; el_class=&#8221;modal modal-form modal-form-sm fade&#8221;][vc_column rsclass=&#8221;clean&#8221; el_class=&#8221;modal-dialog&#8221; rsinner=&#8221;modal-content&#8221;][vc_column_text rsclass=&#8221;clean&#8221;]<\/p>\n<div class=\"tt\"><button class=\"close\" aria-label=\"Close\" data-dismiss=\"modal\"><svg class=\"icon icon-error\" version=\"1.1\" xmlns=\"http:\/\/www.w3.org\/2000\/svg\" width=\"32\" height=\"32\" viewBox=\"0 0 32 32\"><path d=\"M27.319 4.681c-6.241-6.241-16.396-6.242-22.638 0s-6.241 16.396 0 22.638 16.396 6.242 22.638 0c6.241-6.242 6.241-16.397 0-22.638zM22.312 22.312c-0.481 0.481-1.26 0.481-1.741 0l-4.571-4.571-4.789 4.789c-0.481 0.481-1.26 0.481-1.741 0s-0.481-1.26 0-1.741l4.789-4.789-4.571-4.571c-0.481-0.481-0.481-1.261 0-1.741s1.26-0.481 1.741 0l4.571 4.571 4.353-4.353c0.481-0.481 1.26-0.481 1.741 0s0.481 1.26 0 1.741l-4.353 4.353 4.571 4.571c0.481 0.481 0.481 1.26 0 1.741z\"><\/path><\/svg><\/button><\/div>\n<p>[\/vc_column_text][vc_row_inner rsclass=&#8221;clean&#8221; el_class=&#8221;modal-body&#8221;][vc_column_inner el_class=&#8221;modal-form&#8221; rsclass=&#8221;clean&#8221;][vc_custom_heading text=&#8221;Postavite pitanje&#8221; font_container=&#8221;tag:h3|text_align:left&#8221; use_theme_fonts=&#8221;yes&#8221; rs_decor_place=&#8221;2&#8243;][\/vc_custom_heading]\n<div class=\"wpcf7 no-js\" id=\"wpcf7-f244-o1\" lang=\"en-US\" dir=\"ltr\" data-wpcf7-id=\"244\">\n<div class=\"screen-reader-response\"><p role=\"status\" aria-live=\"polite\" aria-atomic=\"true\"><\/p> <ul><\/ul><\/div>\n<form action=\"\/en\/wp-json\/wp\/v2\/pages\/2319#wpcf7-f244-o1\" method=\"post\" class=\"wpcf7-form init\" aria-label=\"Contact form\" novalidate=\"novalidate\" data-status=\"init\">\n<fieldset class=\"hidden-fields-container\"><input type=\"hidden\" name=\"_wpcf7\" value=\"244\" \/><input type=\"hidden\" name=\"_wpcf7_version\" value=\"6.1\" \/><input type=\"hidden\" name=\"_wpcf7_locale\" value=\"en_US\" \/><input type=\"hidden\" name=\"_wpcf7_unit_tag\" value=\"wpcf7-f244-o1\" \/><input type=\"hidden\" name=\"_wpcf7_container_post\" value=\"0\" \/><input type=\"hidden\" name=\"_wpcf7_posted_data_hash\" value=\"\" \/>\n<\/fieldset>\n<div class=\"contact-form contact7__custom-form\" id=\"contactForm\">\n\t<div class=\"pr-0\">\n\t\t<div>\n\t\t\t<p><span class=\"wpcf7-form-control-wrap\" data-name=\"text-674\"><input size=\"40\" maxlength=\"400\" class=\"wpcf7-form-control wpcf7-text wpcf7-validates-as-required form-control\" aria-required=\"true\" aria-invalid=\"false\" placeholder=\"Va\u0161e ime*\" value=\"\" type=\"text\" name=\"text-674\" \/><\/span>\n\t\t\t<\/p>\n\t\t<\/div>\n\t\t<div class=\"mt-15\">\n\t\t\t<p><span class=\"wpcf7-form-control-wrap\" data-name=\"your-email\"><input size=\"40\" maxlength=\"400\" class=\"wpcf7-form-control wpcf7-email wpcf7-validates-as-required wpcf7-text wpcf7-validates-as-email form-control\" aria-required=\"true\" aria-invalid=\"false\" placeholder=\"Email adresa*\" value=\"\" type=\"email\" name=\"your-email\" \/><\/span>\n\t\t\t<\/p>\n\t\t<\/div>\n\t\t<div class=\"mt-15\">\n\t\t\t<p><span class=\"wpcf7-form-control-wrap\" data-name=\"tel-968\"><input size=\"40\" maxlength=\"400\" class=\"wpcf7-form-control wpcf7-tel wpcf7-text wpcf7-validates-as-tel form-control\" aria-invalid=\"false\" placeholder=\"Broj telefona\" value=\"\" type=\"tel\" name=\"tel-968\" \/><\/span>\n\t\t\t<\/p>\n\t\t<\/div>\n\t<\/div>\n\t<div class=\"mt-15\">\n\t\t<p><span class=\"wpcf7-form-control-wrap\" data-name=\"textarea-257\"><textarea cols=\"40\" rows=\"10\" maxlength=\"2000\" class=\"wpcf7-form-control wpcf7-textarea form-control\" aria-invalid=\"false\" name=\"textarea-257\">Pitanje*<\/textarea><\/span>\n\t\t<\/p>\n\t<\/div>\n\t<div class=\"mt-15\">\n\t\t<p><input type=\"hidden\" name=\"_wpcf7_captcha_challenge_captcha-1\" value=\"304194557\" \/><img loading=\"lazy\" decoding=\"async\" class=\"wpcf7-form-control wpcf7-captchac wpcf7-captcha-captcha-1\" width=\"72\" height=\"24\" alt=\"captcha\" src=\"https:\/\/oftalmologijabih.ba\/wp-content\/uploads\/wpcf7_captcha\/304194557.png\" \/><span class=\"wpcf7-form-control-wrap\" data-name=\"captcha-1\"><input size=\"40\" class=\"wpcf7-form-control wpcf7-captchar\" autocomplete=\"off\" aria-invalid=\"false\" placeholder=\"Unesite kod*\" value=\"\" type=\"text\" name=\"captcha-1\" \/><\/span>\n\t\t<\/p>\n\t<\/div>\n\t<div class=\"mt-4\">\n\t\t<p><input class=\"wpcf7-form-control wpcf7-submit has-spinner btn\" type=\"submit\" value=\"Po\u0161aljite\" \/>\n\t\t<\/p>\n\t<\/div>\n<\/div><div class=\"wpcf7-response-output\" aria-hidden=\"true\"><\/div>\n<\/form>\n<\/div>\n[\/vc_column_inner][\/vc_row_inner][\/vc_column][\/vc_row][vc_row disable_element=&#8221;yes&#8221;][vc_column][vc_column_text]<br \/>\n[\/vc_column_text][vc_column_text rsclass=&#8221;clean&#8221;]<\/p>\n<ul class=\"circle-list\">\n<li><svg class=\"icon icon-check-mark-1\" version=\"1.1\" xmlns=\"http:\/\/www.w3.org\/2000\/svg\" width=\"32\" height=\"32\" viewBox=\"0 0 32 32\"><path d=\"M14.485 26.841c-1.451 1.451-3.805 1.451-5.255 0l-8.142-8.142c-1.451-1.45-1.451-3.804 0-5.254s3.804-1.451 5.255 0l4.851 4.85c0.366 0.366 0.961 0.366 1.328 0l13.135-13.135c1.45-1.451 3.804-1.451 5.255 0 0.697 0.697 1.088 1.642 1.088 2.627s-0.391 1.93-1.088 2.627l-16.427 16.427z\"><\/path><\/svg>Oftalmolo\u0161ki pregled<\/li>\n<li><svg class=\"icon icon-check-mark-1\" version=\"1.1\" xmlns=\"http:\/\/www.w3.org\/2000\/svg\" width=\"32\" height=\"32\" viewBox=\"0 0 32 32\"><path d=\"M14.485 26.841c-1.451 1.451-3.805 1.451-5.255 0l-8.142-8.142c-1.451-1.45-1.451-3.804 0-5.254s3.804-1.451 5.255 0l4.851 4.85c0.366 0.366 0.961 0.366 1.328 0l13.135-13.135c1.45-1.451 3.804-1.451 5.255 0 0.697 0.697 1.088 1.642 1.088 2.627s-0.391 1.93-1.088 2.627l-16.427 16.427z\"><\/path><\/svg>Dijagnostika<\/li>\n<li><svg class=\"icon icon-check-mark-1\" version=\"1.1\" xmlns=\"http:\/\/www.w3.org\/2000\/svg\" width=\"32\" height=\"32\" viewBox=\"0 0 32 32\"><path d=\"M14.485 26.841c-1.451 1.451-3.805 1.451-5.255 0l-8.142-8.142c-1.451-1.45-1.451-3.804 0-5.254s3.804-1.451 5.255 0l4.851 4.85c0.366 0.366 0.961 0.366 1.328 0l13.135-13.135c1.45-1.451 3.804-1.451 5.255 0 0.697 0.697 1.088 1.642 1.088 2.627s-0.391 1.93-1.088 2.627l-16.427 16.427z\"><\/path><\/svg>Dje\u010dija oftalmologija<\/li>\n<li><svg class=\"icon icon-check-mark-1\" version=\"1.1\" xmlns=\"http:\/\/www.w3.org\/2000\/svg\" width=\"32\" height=\"32\" viewBox=\"0 0 32 32\"><path d=\"M14.485 26.841c-1.451 1.451-3.805 1.451-5.255 0l-8.142-8.142c-1.451-1.45-1.451-3.804 0-5.254s3.804-1.451 5.255 0l4.851 4.85c0.366 0.366 0.961 0.366 1.328 0l13.135-13.135c1.45-1.451 3.804-1.451 5.255 0 0.697 0.697 1.088 1.642 1.088 2.627s-0.391 1.93-1.088 2.627l-16.427 16.427z\"><\/path><\/svg>Botox i fileri<\/li>\n<li><svg class=\"icon icon-check-mark-1\" version=\"1.1\" xmlns=\"http:\/\/www.w3.org\/2000\/svg\" width=\"32\" height=\"32\" viewBox=\"0 0 32 32\"><path d=\"M14.485 26.841c-1.451 1.451-3.805 1.451-5.255 0l-8.142-8.142c-1.451-1.45-1.451-3.804 0-5.254s3.804-1.451 5.255 0l4.851 4.85c0.366 0.366 0.961 0.366 1.328 0l13.135-13.135c1.45-1.451 3.804-1.451 5.255 0 0.697 0.697 1.088 1.642 1.088 2.627s-0.391 1.93-1.088 2.627l-16.427 16.427z\"><\/path><\/svg>Estetska okuloplasti\u010dna hirurgija<\/li>\n<li><svg class=\"icon icon-check-mark-1\" version=\"1.1\" xmlns=\"http:\/\/www.w3.org\/2000\/svg\" width=\"32\" height=\"32\" viewBox=\"0 0 32 32\"><path d=\"M14.485 26.841c-1.451 1.451-3.805 1.451-5.255 0l-8.142-8.142c-1.451-1.45-1.451-3.804 0-5.254s3.804-1.451 5.255 0l4.851 4.85c0.366 0.366 0.961 0.366 1.328 0l13.135-13.135c1.45-1.451 3.804-1.451 5.255 0 0.697 0.697 1.088 1.642 1.088 2.627s-0.391 1.93-1.088 2.627l-16.427 16.427z\"><\/path><\/svg>Funkcionalna okuloplasti\u010dna hirurgija<\/li>\n<\/ul>\n<p>[\/vc_column_text][\/vc_column][\/vc_row]<\/p>\n","protected":false},"excerpt":{"rendered":"<p>[vc_row rsclass=&#8221;clean&#8221; el_class=&#8221;section mt-0&#8243;][vc_column rsclass=&#8221;clean&#8221;][theme_rslider_element dots=&#8221;true&#8221; zoom=&#8221;false&#8221; rs_images=&#8221;3728,1960&#8243;] SARAJEVO 2024KONFERENCIJA Odr\u017ean \u010cetvrti Internacionalni Oftalmolo\u0161ki Simpozijum Detaljnije {slide} DOBRO DO\u0160LIOFTALMOLOGIJA BIH Online platforma za oftalmologe, pacijente i \u0161iru javnost Detaljnije [\/theme_rslider_element][\/vc_column][\/vc_row][vc_row rsclass=&#8221;clean&#8221; el_class=&#8221;section&#8221; css=&#8221;.vc_custom_1626074998329{margin-top: 50px !important;}&#8221;][vc_column rsclass=&#8221;clean&#8221; el_class=&#8221;container&#8221;][vc_row_inner rsclass=&#8221;clean&#8221; el_class=&#8221;row text-center text-md-left text-lg-left&#8221;][vc_column_inner el_class=&#8221;col-md-6 ch-block-welcome-left&#8221; width=&#8221;1\/2&#8243; rsclass=&#8221;clean&#8221;][vc_column_text rsclass=&#8221;clean&#8221;] Oftalmologija BiH Online platforma za oftalmologe, pacijente i <\/p>\n<div class=\"btn-more-wrapper\"><a href=\"https:\/\/oftalmologijabih.ba\/en\/\" class=\"btn btn-sm btn-hover-fill\"><svg class=\"icon icon-right-arrow\" version=\"1.1\" xmlns=\"http:\/\/www.w3.org\/2000\/svg\" width=\"32\" height=\"32\" viewBox=\"0 0 32 32\"><path d=\"M21.548 5.088c-0.436-0.451-1.162-0.451-1.613 0-0.436 0.436-0.436 1.162 0 1.596l8.177 8.177h-26.984c-0.629 0.001-1.129 0.501-1.129 1.13s0.5 1.145 1.129 1.145h26.984l-8.177 8.162c-0.436 0.451-0.436 1.178 0 1.613 0.451 0.451 1.178 0.451 1.613 0l10.113-10.113c0.451-0.436 0.451-1.162 0-1.596l-10.113-10.114z\"><\/path><\/svg>Read More<span class=\"screen-reader-text\"> &#8220;Oftalmologija BiH&#8221;<\/span><svg class=\"icon icon-right-arrow\" version=\"1.1\" xmlns=\"http:\/\/www.w3.org\/2000\/svg\" width=\"32\" height=\"32\" viewBox=\"0 0 32 32\"><path d=\"M21.548 5.088c-0.436-0.451-1.162-0.451-1.613 0-0.436 0.436-0.436 1.162 0 1.596l8.177 8.177h-26.984c-0.629 0.001-1.129 0.501-1.129 1.13s0.5 1.145 1.129 1.145h26.984l-8.177 8.162c-0.436 0.451-0.436 1.178 0 1.613 0.451 0.451 1.178 0.451 1.613 0l10.113-10.113c0.451-0.436 0.451-1.162 0-1.596l-10.113-10.114z\"><\/path><\/svg><\/a><\/div>\n","protected":false},"author":1,"featured_media":0,"parent":0,"menu_order":0,"comment_status":"closed","ping_status":"closed","template":"custompagett.php","meta":{"footnotes":""},"class_list":["post-2319","page","type-page","status-publish","hentry"],"_links":{"self":[{"href":"https:\/\/oftalmologijabih.ba\/en\/wp-json\/wp\/v2\/pages\/2319","targetHints":{"allow":["GET"]}}],"collection":[{"href":"https:\/\/oftalmologijabih.ba\/en\/wp-json\/wp\/v2\/pages"}],"about":[{"href":"https:\/\/oftalmologijabih.ba\/en\/wp-json\/wp\/v2\/types\/page"}],"author":[{"embeddable":true,"href":"https:\/\/oftalmologijabih.ba\/en\/wp-json\/wp\/v2\/users\/1"}],"replies":[{"embeddable":true,"href":"https:\/\/oftalmologijabih.ba\/en\/wp-json\/wp\/v2\/comments?post=2319"}],"version-history":[{"count":56,"href":"https:\/\/oftalmologijabih.ba\/en\/wp-json\/wp\/v2\/pages\/2319\/revisions"}],"predecessor-version":[{"id":3730,"href":"https:\/\/oftalmologijabih.ba\/en\/wp-json\/wp\/v2\/pages\/2319\/revisions\/3730"}],"wp:attachment":[{"href":"https:\/\/oftalmologijabih.ba\/en\/wp-json\/wp\/v2\/media?parent=2319"}],"curies":[{"name":"wp","href":"https:\/\/api.w.org\/{rel}","templated":true}]}}