{"id":2335,"date":"2021-03-11T01:10:11","date_gmt":"2021-03-11T00:10:11","guid":{"rendered":"https:\/\/oftalmologijabih.ba\/kontakt-info\/"},"modified":"2021-04-29T12:17:27","modified_gmt":"2021-04-29T10:17:27","slug":"kontakt-info","status":"publish","type":"page","link":"https:\/\/oftalmologijabih.ba\/en\/kontakt-info\/","title":{"rendered":"Kontakt"},"content":{"rendered":"<p>[vc_row rsclass=&#8221;clean&#8221; el_class=&#8221;section mt-0 googlemap__contact&#8221;][vc_column rsclass=&#8221;clean&#8221;][vc_gmaps link=&#8221;#E-8_JTNDaWZyYW1lJTIwc3JjJTNEJTIyaHR0cHMlM0ElMkYlMkZ3d3cuZ29vZ2xlLmNvbSUyRm1hcHMlMkZlbWJlZCUzRnBiJTNEJTIxMW0xOCUyMTFtMTIlMjExbTMlMjExZDkyMDA1LjUwNzY1NTQ4MTg1JTIxMmQxOC4zMTI5NTE2NDE4MzgwOTQlMjEzZDQzLjg5MzcwMTkxMTMxNDMzJTIxMm0zJTIxMWYwJTIxMmYwJTIxM2YwJTIxM20yJTIxMWkxMDI0JTIxMmk3NjglMjE0ZjEzLjElMjEzbTMlMjExbTIlMjExczB4NDc1OGNiYjFlZDcxOWJkMSUyNTNBMHg1NjJlY2RhNmRlODdiMzNlJTIxMnNTYXJhamV2byUyMTVlMCUyMTNtMiUyMTFzaHIlMjEyc2JhJTIxNHYxNjE1NTAxNTUxODg2JTIxNW0yJTIxMXNociUyMTJzYmElMjIlMjB3aWR0aCUzRCUyMjYwMCUyMiUyMGhlaWdodCUzRCUyMjQ1MCUyMiUyMHN0eWxlJTNEJTIyYm9yZGVyJTNBMCUzQiUyMiUyMGFsbG93ZnVsbHNjcmVlbiUzRCUyMiUyMiUyMGxvYWRpbmclM0QlMjJsYXp5JTIyJTNFJTNDJTJGaWZyYW1lJTNF&#8221; el_class=&#8221;contact-map&#8221;][\/vc_column][\/vc_row][vc_row rsclass=&#8221;clean&#8221; el_class=&#8221;section mt-0 bg-grey&#8221;][vc_column rsclass=&#8221;clean&#8221; el_class=&#8221;container&#8221;][vc_row_inner rsclass=&#8221;clean&#8221; el_class=&#8221;row&#8221;][vc_column_inner el_class=&#8221;col-md&#8221; width=&#8221;1\/2&#8243; rsclass=&#8221;clean&#8221;][vc_custom_heading text=&#8221;Lokacija&#8221; font_container=&#8221;tag:h5|text_align:left&#8221; use_theme_fonts=&#8221;yes&#8221; rs_decor_place=&#8221;2&#8243; rsouter=&#8221;title-wrap&#8221; el_class=&#8221;pt-0&#8243;]<\/p>\n<div class=\"h-decor\"><\/div>\n<p>[\/vc_custom_heading][vc_column_text rsclass=&#8221;clean&#8221;]<\/p>\n<ul class=\"icn-list-lg\">\n<li><svg class=\"icon icon-placeholder-for-map-1\" version=\"1.1\" xmlns=\"http:\/\/www.w3.org\/2000\/svg\" width=\"32\" height=\"32\" viewBox=\"0 0 32 32\"><path d=\"M16.404 0.007c-6.499-0.219-11.835 4.984-11.835 11.433 0 7.319 7.024 12.631 10.96 20.269 0.2 0.388 0.758 0.388 0.959 0.001 3.561-6.873 9.648-11.482 10.776-18.104 1.168-6.852-3.913-13.364-10.86-13.599zM16.008 17.431c-3.309 0-5.992-2.683-5.992-5.992s2.683-5.992 5.992-5.992c3.309 0 5.992 2.683 5.992 5.992s-2.683 5.992-5.992 5.992z\"><\/path><\/svg>Oftalmologija Bosna i Hercegovina<br \/>\n71000 Sarajevo<\/li>\n<\/ul>\n<p>[\/vc_column_text][\/vc_column_inner][vc_column_inner el_class=&#8221;col-md mt-3 mt-md-0&#8243; width=&#8221;1\/2&#8243; rsclass=&#8221;clean&#8221;][vc_custom_heading text=&#8221;Kontakt info&#8221; font_container=&#8221;tag:h5|text_align:left&#8221; use_theme_fonts=&#8221;yes&#8221; rs_decor_place=&#8221;2&#8243; rsouter=&#8221;title-wrap&#8221; el_class=&#8221;pt-0&#8243;]<\/p>\n<div class=\"h-decor\"><\/div>\n<p>[\/vc_custom_heading][vc_column_text rsclass=&#8221;clean&#8221;]<\/p>\n<ul class=\"icn-list-lg\">\n<li><svg class=\"icon icon-black-envelope\" version=\"1.1\" xmlns=\"http:\/\/www.w3.org\/2000\/svg\" width=\"32\" height=\"32\" viewBox=\"0 0 32 32\"><path d=\"M2.531 6.124l11.526 9.13c0.523 0.414 1.243 0.597 1.942 0.563 0.698 0.034 1.419-0.148 1.941-0.563l11.526-9.13c0.924-0.727 0.715-1.323-0.457-1.323h-26.019c-1.173 0-1.382 0.596-0.461 1.323z\"><\/path><path d=\"M30.3 8.533l-12.596 9.563c-0.471 0.354-1.088 0.526-1.702 0.518-0.616 0.008-1.233-0.165-1.704-0.518l-12.598-9.563c-0.935-0.709-1.7-0.329-1.7 0.844v15.69c0 1.173 0.96 2.133 2.133 2.133h27.734c1.173 0 2.133-0.96 2.133-2.133v-15.69c0-1.173-0.765-1.553-1.7-0.844z\"><\/path><\/svg><a href=\"mailto:info@oftalmologijabih.ba\">info@oftalmologijabih.ba<\/a><\/li>\n<\/ul>\n<p>[\/vc_column_text][\/vc_column_inner][\/vc_row_inner][vc_row_inner disable_element=&#8221;yes&#8221; rsclass=&#8221;clean&#8221; el_class=&#8221;row&#8221;][vc_column_inner el_class=&#8221;col-md&#8221; width=&#8221;1\/3&#8243; rsclass=&#8221;clean&#8221;][vc_custom_heading text=&#8221;Lokacija&#8221; font_container=&#8221;tag:h5|text_align:left&#8221; use_theme_fonts=&#8221;yes&#8221; rs_decor_place=&#8221;2&#8243; rsouter=&#8221;title-wrap&#8221; el_class=&#8221;pt-0&#8243;]<\/p>\n<div class=\"h-decor\"><\/div>\n<p>[\/vc_custom_heading][vc_column_text rsclass=&#8221;clean&#8221;]<\/p>\n<ul class=\"icn-list-lg\">\n<li><svg class=\"icon icon-placeholder-for-map-1\" version=\"1.1\" xmlns=\"http:\/\/www.w3.org\/2000\/svg\" width=\"32\" height=\"32\" viewBox=\"0 0 32 32\"><path d=\"M16.404 0.007c-6.499-0.219-11.835 4.984-11.835 11.433 0 7.319 7.024 12.631 10.96 20.269 0.2 0.388 0.758 0.388 0.959 0.001 3.561-6.873 9.648-11.482 10.776-18.104 1.168-6.852-3.913-13.364-10.86-13.599zM16.008 17.431c-3.309 0-5.992-2.683-5.992-5.992s2.683-5.992 5.992-5.992c3.309 0 5.992 2.683 5.992 5.992s-2.683 5.992-5.992 5.992z\"><\/path><\/svg>Oftalmologija Bosna i Hercegovina<br \/>\n71000 Sarajevo<\/li>\n<\/ul>\n<p>[\/vc_column_text][\/vc_column_inner][vc_column_inner el_class=&#8221;col-md mt-3 mt-md-0&#8243; width=&#8221;1\/3&#8243; rsclass=&#8221;clean&#8221;][vc_custom_heading text=&#8221;Kontakt info&#8221; font_container=&#8221;tag:h5|text_align:left&#8221; use_theme_fonts=&#8221;yes&#8221; rs_decor_place=&#8221;2&#8243; rsouter=&#8221;title-wrap&#8221; el_class=&#8221;pt-0&#8243;]<\/p>\n<div class=\"h-decor\"><\/div>\n<p>[\/vc_custom_heading][vc_column_text rsclass=&#8221;clean&#8221;]<\/p>\n<ul class=\"icn-list-lg\">\n<li><svg class=\"icon icon-telephone-1\" version=\"1.1\" xmlns=\"http:\/\/www.w3.org\/2000\/svg\" width=\"32\" height=\"32\" viewBox=\"0 0 32 32\"><path d=\"M23.467 19.2c-2.133 2.133-2.133 4.267-4.267 4.267s-4.267-2.133-6.4-4.267c-2.133-2.133-4.267-4.267-4.267-6.4s2.133-2.133 4.267-4.267-4.267-8.533-6.4-8.533-6.4 6.4-6.4 6.4c0 4.267 4.383 12.917 8.533 17.067s12.8 8.533 17.067 8.533c0 0 6.4-4.267 6.4-6.4s-6.4-8.533-8.533-6.4z\"><\/path><\/svg>Telefon: <span class=\"theme-color\"><span class=\"text-nowrap\">+387 61 000 000,<\/span> <\/span><\/li>\n<li><svg class=\"icon icon-black-envelope\" version=\"1.1\" xmlns=\"http:\/\/www.w3.org\/2000\/svg\" width=\"32\" height=\"32\" viewBox=\"0 0 32 32\"><path d=\"M2.531 6.124l11.526 9.13c0.523 0.414 1.243 0.597 1.942 0.563 0.698 0.034 1.419-0.148 1.941-0.563l11.526-9.13c0.924-0.727 0.715-1.323-0.457-1.323h-26.019c-1.173 0-1.382 0.596-0.461 1.323z\"><\/path><path d=\"M30.3 8.533l-12.596 9.563c-0.471 0.354-1.088 0.526-1.702 0.518-0.616 0.008-1.233-0.165-1.704-0.518l-12.598-9.563c-0.935-0.709-1.7-0.329-1.7 0.844v15.69c0 1.173 0.96 2.133 2.133 2.133h27.734c1.173 0 2.133-0.96 2.133-2.133v-15.69c0-1.173-0.765-1.553-1.7-0.844z\"><\/path><\/svg><a href=\"mailto:info@oftalmologijabih.ba\">info@oftalmologijabih.ba<\/a><\/li>\n<\/ul>\n<p>[\/vc_column_text][\/vc_column_inner][vc_column_inner el_class=&#8221;col-md mt-3 mt-md-0&#8243; width=&#8221;1\/3&#8243; rsclass=&#8221;clean&#8221;][vc_custom_heading text=&#8221;Working Time&#8221; font_container=&#8221;tag:h5|text_align:left&#8221; use_theme_fonts=&#8221;yes&#8221; rs_decor_place=&#8221;2&#8243; rsouter=&#8221;title-wrap&#8221; el_class=&#8221;pt-0&#8243;]<\/p>\n<div class=\"h-decor\"><\/div>\n<p>[\/vc_custom_heading][vc_column_text rsclass=&#8221;clean&#8221;]<\/p>\n<ul class=\"icn-list-lg\">\n<li><svg class=\"icon icon-icon-3\" version=\"1.1\" xmlns=\"http:\/\/www.w3.org\/2000\/svg\" width=\"32\" height=\"32\" viewBox=\"0 0 32 32\"><path d=\"M16.001 0c-8.837 0-16.001 7.166-16.001 16.003 0 8.833 7.164 15.997 16.001 15.997 8.836 0 15.998-7.164 15.998-15.997 0-8.837-7.162-16.003-15.998-16.003zM16.001 27.14c-6.144 0-11.143-4.997-11.143-11.138 0-6.148 5-11.147 11.143-11.147 6.145 0 11.14 5.001 11.14 11.147 0 6.142-4.997 11.138-11.14 11.138z\"><\/path><path d=\"M17.377 15.12l0.001-6.177c0-0.759-0.615-1.373-1.377-1.373-0.763 0-1.38 0.613-1.38 1.373v8.933h8.934c0.757 0 1.376-0.615 1.376-1.377 0-0.763-0.618-1.379-1.376-1.379 0.001 0-6.178 0-6.178 0z\"><\/path><\/svg>\n<div>\n<div class=\"d-flex\">Pon &#8211; pet <span class=\"ml-auto theme-color\">08:00 &#8211; 16:00<\/span><\/div>\n<div class=\"d-flex\"><span class=\"ml-auto theme-color\">Sub 09:00 &#8211; 14:00<\/span><\/div>\n<div class=\"d-flex\">Ned &#8211; ne radi<\/div>\n<\/div>\n<\/li>\n<\/ul>\n<p>[\/vc_column_text][\/vc_column_inner][\/vc_row_inner][\/vc_column][\/vc_row][vc_row rsclass=&#8221;clean&#8221; el_class=&#8221;section&#8221;][vc_column rsclass=&#8221;clean&#8221; el_class=&#8221;container&#8221;][vc_row_inner rsclass=&#8221;clean&#8221; el_class=&#8221;row&#8221;][vc_column_inner el_class=&#8221;col-md col-lg-5&#8243; width=&#8221;1\/2&#8243; rsclass=&#8221;clean&#8221; rsinner=&#8221;pr-0 pr-lg-8&#8243;][vc_custom_heading text=&#8221;Kontaktirajte nas&#8221; use_theme_fonts=&#8221;yes&#8221; rs_decor_place=&#8221;2&#8243; rsouter=&#8221;title-wrap&#8221;]<\/p>\n<div class=\"h-decor\"><\/div>\n<p>[\/vc_custom_heading][vc_column_text rsclass=&#8221;clean&#8221; el_class=&#8221;mt-3 tt_pt_3&#8243;]<\/p>\n<p class=\"tt_mb_20\">Za op\u0107enita pitanja, po\u0161aljite nam poruku i mi \u0107emo vam odgovoriti \u0161to kra\u0107em roku.<\/p>\n<p class=\"p-sm\"><b>Polja ozna\u010dena sa * su obavezna.<\/b><\/p>\n<p>[\/vc_column_text][vc_column_text rsclass=&#8221;clean&#8221; el_class=&#8221;mt-6&#8243;][\/vc_column_text][vc_custom_heading text=&#8221;Pratite nas&#8221; font_container=&#8221;tag:h5|text_align:left&#8221; use_theme_fonts=&#8221;yes&#8221; rs_decor_place=&#8221;2&#8243; rsouter=&#8221;title-wrap&#8221;][\/vc_custom_heading][vc_column_text rsclass=&#8221;clean&#8221;]<\/p>\n<div class=\"content-social mt-3\"><a title=\"\" target=\"__blank\" href=\"https:\/\/www.facebook.com\/dr.jovanovic.oculoplastics\/\" class=\"hovicon\"><svg class=\"icon icon-facebook-logo\" version=\"1.1\" xmlns=\"http:\/\/www.w3.org\/2000\/svg\" width=\"33\" height=\"32\" viewBox=\"0 0 33 32\"><path d=\"M24.249 0.506l-4.020-0.006c-4.516 0-7.435 2.994-7.435 7.629v3.518h-4.042c-0.349 0-0.632 0.283-0.632 0.632v5.097c0 0.349 0.283 0.632 0.632 0.632h4.042v12.86c0 0.349 0.283 0.632 0.632 0.632h5.274c0.349 0 0.632-0.283 0.632-0.632v-12.86h4.726c0.349 0 0.632-0.283 0.632-0.632l0.002-5.097c0-0.168-0.067-0.328-0.185-0.447s-0.28-0.185-0.447-0.185h-4.728v-2.982c0-1.433 0.342-2.161 2.209-2.161l2.708-0.001c0.349 0 0.632-0.283 0.632-0.632v-4.732c0-0.349-0.282-0.631-0.631-0.632z\"><\/path><\/svg><\/a><a title=\"\" target=\"__blank\" href=\"https:\/\/www.instagram.com\/dr.jovanovic_oculoplastics\/\" class=\"hovicon\"><svg class=\"icon icon-instagram\" version=\"1.1\" xmlns=\"http:\/\/www.w3.org\/2000\/svg\" width=\"32\" height=\"32\" viewBox=\"0 0 32 32\"><path d=\"M5.038 1.251h21.926c2.083 0 3.786 1.704 3.786 3.787v21.926c0 2.082-1.703 3.785-3.786 3.785h-21.926c-2.083 0-3.788-1.703-3.788-3.785v-21.926c0-2.083 1.705-3.787 3.788-3.787zM22.74 4.527c-0.731 0-1.328 0.599-1.328 1.33v3.177c0 0.731 0.597 1.329 1.328 1.329h3.334c0.73 0 1.328-0.598 1.328-1.329v-3.177c0-0.731-0.598-1.33-1.328-1.33h-3.334zM27.415 13.725h-2.596c0.246 0.804 0.38 1.652 0.38 2.533 0 4.905-4.107 8.883-9.171 8.883-5.063 0-9.17-3.978-9.17-8.883 0-0.881 0.135-1.729 0.38-2.533h-2.708v12.462c0 0.645 0.527 1.17 1.172 1.17h20.542c0.645 0 1.171-0.525 1.171-1.17v-12.462zM16.028 10.196c-3.271 0-5.924 2.569-5.924 5.742 0 3.169 2.653 5.74 5.924 5.74 3.272 0 5.925-2.571 5.925-5.74 0-3.172-2.653-5.742-5.925-5.742z\"><\/path><\/svg><\/a><a title=\"\" target=\"__blank\" href=\"https:\/\/www.youtube.com\/channel\/UCylVXfCd6Mxf82K7LtxFOYQ\" class=\"hovicon\"><svg class=\"icon icon-play\" version=\"1.1\" xmlns=\"http:\/\/www.w3.org\/2000\/svg\" width=\"32\" height=\"32\" viewBox=\"0 0 32 32\"><path d=\"M9.536 5.246c-2.029-1.164-3.673-0.21-3.673 2.127v17.251c0 2.34 1.645 3.292 3.673 2.13l15.078-8.648c2.029-1.164 2.029-3.050 0-4.214l-15.078-8.647z\"><\/path><\/svg><\/a><\/div>\n<p>[\/vc_column_text][\/vc_column_inner][vc_column_inner el_class=&#8221;col-md col-lg-6 mt-4 mt-md-0&#8243; width=&#8221;1\/2&#8243; rsclass=&#8221;clean&#8221;]\n<div class=\"wpcf7 no-js\" id=\"wpcf7-f244-o1\" lang=\"en-US\" dir=\"ltr\" data-wpcf7-id=\"244\">\n<div class=\"screen-reader-response\"><p role=\"status\" aria-live=\"polite\" aria-atomic=\"true\"><\/p> <ul><\/ul><\/div>\n<form action=\"\/en\/wp-json\/wp\/v2\/pages\/2335#wpcf7-f244-o1\" method=\"post\" class=\"wpcf7-form init\" aria-label=\"Contact form\" novalidate=\"novalidate\" data-status=\"init\">\n<fieldset class=\"hidden-fields-container\"><input type=\"hidden\" name=\"_wpcf7\" value=\"244\" \/><input type=\"hidden\" name=\"_wpcf7_version\" value=\"6.1\" \/><input type=\"hidden\" name=\"_wpcf7_locale\" value=\"en_US\" \/><input type=\"hidden\" name=\"_wpcf7_unit_tag\" value=\"wpcf7-f244-o1\" \/><input type=\"hidden\" name=\"_wpcf7_container_post\" value=\"0\" \/><input type=\"hidden\" name=\"_wpcf7_posted_data_hash\" value=\"\" \/>\n<\/fieldset>\n<div class=\"contact-form contact7__custom-form\" id=\"contactForm\">\n\t<div class=\"pr-0\">\n\t\t<div>\n\t\t\t<p><span class=\"wpcf7-form-control-wrap\" data-name=\"text-674\"><input size=\"40\" maxlength=\"400\" class=\"wpcf7-form-control wpcf7-text wpcf7-validates-as-required form-control\" aria-required=\"true\" aria-invalid=\"false\" placeholder=\"Va\u0161e ime*\" value=\"\" type=\"text\" name=\"text-674\" \/><\/span>\n\t\t\t<\/p>\n\t\t<\/div>\n\t\t<div class=\"mt-15\">\n\t\t\t<p><span class=\"wpcf7-form-control-wrap\" data-name=\"your-email\"><input size=\"40\" maxlength=\"400\" class=\"wpcf7-form-control wpcf7-email wpcf7-validates-as-required wpcf7-text wpcf7-validates-as-email form-control\" aria-required=\"true\" aria-invalid=\"false\" placeholder=\"Email adresa*\" value=\"\" type=\"email\" name=\"your-email\" \/><\/span>\n\t\t\t<\/p>\n\t\t<\/div>\n\t\t<div class=\"mt-15\">\n\t\t\t<p><span class=\"wpcf7-form-control-wrap\" data-name=\"tel-968\"><input size=\"40\" maxlength=\"400\" class=\"wpcf7-form-control wpcf7-tel wpcf7-text wpcf7-validates-as-tel form-control\" aria-invalid=\"false\" placeholder=\"Broj telefona\" value=\"\" type=\"tel\" name=\"tel-968\" \/><\/span>\n\t\t\t<\/p>\n\t\t<\/div>\n\t<\/div>\n\t<div class=\"mt-15\">\n\t\t<p><span class=\"wpcf7-form-control-wrap\" data-name=\"textarea-257\"><textarea cols=\"40\" rows=\"10\" maxlength=\"2000\" class=\"wpcf7-form-control wpcf7-textarea form-control\" aria-invalid=\"false\" name=\"textarea-257\">Pitanje*<\/textarea><\/span>\n\t\t<\/p>\n\t<\/div>\n\t<div class=\"mt-15\">\n\t\t<p><input type=\"hidden\" name=\"_wpcf7_captcha_challenge_captcha-1\" value=\"1009417337\" \/><img loading=\"lazy\" decoding=\"async\" class=\"wpcf7-form-control wpcf7-captchac wpcf7-captcha-captcha-1\" width=\"72\" height=\"24\" alt=\"captcha\" src=\"https:\/\/oftalmologijabih.ba\/wp-content\/uploads\/wpcf7_captcha\/1009417337.png\" \/><span class=\"wpcf7-form-control-wrap\" data-name=\"captcha-1\"><input size=\"40\" class=\"wpcf7-form-control wpcf7-captchar\" autocomplete=\"off\" aria-invalid=\"false\" placeholder=\"Unesite kod*\" value=\"\" type=\"text\" name=\"captcha-1\" \/><\/span>\n\t\t<\/p>\n\t<\/div>\n\t<div class=\"mt-4\">\n\t\t<p><input class=\"wpcf7-form-control wpcf7-submit has-spinner btn\" type=\"submit\" value=\"Po\u0161aljite\" \/>\n\t\t<\/p>\n\t<\/div>\n<\/div><div class=\"wpcf7-response-output\" aria-hidden=\"true\"><\/div>\n<\/form>\n<\/div>\n[\/vc_column_inner][\/vc_row_inner][\/vc_column][\/vc_row]<\/p>\n","protected":false},"excerpt":{"rendered":"<p>[vc_row rsclass=&#8221;clean&#8221; el_class=&#8221;section mt-0 googlemap__contact&#8221;][vc_column rsclass=&#8221;clean&#8221;][vc_gmaps link=&#8221;#E-8_JTNDaWZyYW1lJTIwc3JjJTNEJTIyaHR0cHMlM0ElMkYlMkZ3d3cuZ29vZ2xlLmNvbSUyRm1hcHMlMkZlbWJlZCUzRnBiJTNEJTIxMW0xOCUyMTFtMTIlMjExbTMlMjExZDkyMDA1LjUwNzY1NTQ4MTg1JTIxMmQxOC4zMTI5NTE2NDE4MzgwOTQlMjEzZDQzLjg5MzcwMTkxMTMxNDMzJTIxMm0zJTIxMWYwJTIxMmYwJTIxM2YwJTIxM20yJTIxMWkxMDI0JTIxMmk3NjglMjE0ZjEzLjElMjEzbTMlMjExbTIlMjExczB4NDc1OGNiYjFlZDcxOWJkMSUyNTNBMHg1NjJlY2RhNmRlODdiMzNlJTIxMnNTYXJhamV2byUyMTVlMCUyMTNtMiUyMTFzaHIlMjEyc2JhJTIxNHYxNjE1NTAxNTUxODg2JTIxNW0yJTIxMXNociUyMTJzYmElMjIlMjB3aWR0aCUzRCUyMjYwMCUyMiUyMGhlaWdodCUzRCUyMjQ1MCUyMiUyMHN0eWxlJTNEJTIyYm9yZGVyJTNBMCUzQiUyMiUyMGFsbG93ZnVsbHNjcmVlbiUzRCUyMiUyMiUyMGxvYWRpbmclM0QlMjJsYXp5JTIyJTNFJTNDJTJGaWZyYW1lJTNF&#8221; el_class=&#8221;contact-map&#8221;][\/vc_column][\/vc_row][vc_row rsclass=&#8221;clean&#8221; el_class=&#8221;section mt-0 bg-grey&#8221;][vc_column rsclass=&#8221;clean&#8221; el_class=&#8221;container&#8221;][vc_row_inner rsclass=&#8221;clean&#8221; el_class=&#8221;row&#8221;][vc_column_inner el_class=&#8221;col-md&#8221; width=&#8221;1\/2&#8243; rsclass=&#8221;clean&#8221;][vc_custom_heading text=&#8221;Lokacija&#8221; font_container=&#8221;tag:h5|text_align:left&#8221; use_theme_fonts=&#8221;yes&#8221; rs_decor_place=&#8221;2&#8243; rsouter=&#8221;title-wrap&#8221; el_class=&#8221;pt-0&#8243;] [\/vc_custom_heading][vc_column_text rsclass=&#8221;clean&#8221;] Oftalmologija Bosna i Hercegovina 71000 Sarajevo [\/vc_column_text][\/vc_column_inner][vc_column_inner el_class=&#8221;col-md mt-3 mt-md-0&#8243; width=&#8221;1\/2&#8243; rsclass=&#8221;clean&#8221;][vc_custom_heading text=&#8221;Kontakt info&#8221; font_container=&#8221;tag:h5|text_align:left&#8221; use_theme_fonts=&#8221;yes&#8221; rs_decor_place=&#8221;2&#8243; rsouter=&#8221;title-wrap&#8221; el_class=&#8221;pt-0&#8243;] [\/vc_custom_heading][vc_column_text rsclass=&#8221;clean&#8221;] info@oftalmologijabih.ba [\/vc_column_text][\/vc_column_inner][\/vc_row_inner][vc_row_inner disable_element=&#8221;yes&#8221; rsclass=&#8221;clean&#8221; el_class=&#8221;row&#8221;][vc_column_inner el_class=&#8221;col-md&#8221; width=&#8221;1\/3&#8243; <\/p>\n<div class=\"btn-more-wrapper\"><a href=\"https:\/\/oftalmologijabih.ba\/en\/kontakt-info\/\" class=\"btn btn-sm btn-hover-fill\"><svg class=\"icon icon-right-arrow\" version=\"1.1\" xmlns=\"http:\/\/www.w3.org\/2000\/svg\" width=\"32\" height=\"32\" viewBox=\"0 0 32 32\"><path d=\"M21.548 5.088c-0.436-0.451-1.162-0.451-1.613 0-0.436 0.436-0.436 1.162 0 1.596l8.177 8.177h-26.984c-0.629 0.001-1.129 0.501-1.129 1.13s0.5 1.145 1.129 1.145h26.984l-8.177 8.162c-0.436 0.451-0.436 1.178 0 1.613 0.451 0.451 1.178 0.451 1.613 0l10.113-10.113c0.451-0.436 0.451-1.162 0-1.596l-10.113-10.114z\"><\/path><\/svg>Read More<span class=\"screen-reader-text\"> &#8220;Kontakt&#8221;<\/span><svg class=\"icon icon-right-arrow\" version=\"1.1\" xmlns=\"http:\/\/www.w3.org\/2000\/svg\" width=\"32\" height=\"32\" viewBox=\"0 0 32 32\"><path d=\"M21.548 5.088c-0.436-0.451-1.162-0.451-1.613 0-0.436 0.436-0.436 1.162 0 1.596l8.177 8.177h-26.984c-0.629 0.001-1.129 0.501-1.129 1.13s0.5 1.145 1.129 1.145h26.984l-8.177 8.162c-0.436 0.451-0.436 1.178 0 1.613 0.451 0.451 1.178 0.451 1.613 0l10.113-10.113c0.451-0.436 0.451-1.162 0-1.596l-10.113-10.114z\"><\/path><\/svg><\/a><\/div>\n","protected":false},"author":1,"featured_media":0,"parent":0,"menu_order":11,"comment_status":"closed","ping_status":"closed","template":"custompagett.php","meta":{"footnotes":""},"class_list":["post-2335","page","type-page","status-publish","hentry"],"_links":{"self":[{"href":"https:\/\/oftalmologijabih.ba\/en\/wp-json\/wp\/v2\/pages\/2335","targetHints":{"allow":["GET"]}}],"collection":[{"href":"https:\/\/oftalmologijabih.ba\/en\/wp-json\/wp\/v2\/pages"}],"about":[{"href":"https:\/\/oftalmologijabih.ba\/en\/wp-json\/wp\/v2\/types\/page"}],"author":[{"embeddable":true,"href":"https:\/\/oftalmologijabih.ba\/en\/wp-json\/wp\/v2\/users\/1"}],"replies":[{"embeddable":true,"href":"https:\/\/oftalmologijabih.ba\/en\/wp-json\/wp\/v2\/comments?post=2335"}],"version-history":[{"count":6,"href":"https:\/\/oftalmologijabih.ba\/en\/wp-json\/wp\/v2\/pages\/2335\/revisions"}],"predecessor-version":[{"id":2778,"href":"https:\/\/oftalmologijabih.ba\/en\/wp-json\/wp\/v2\/pages\/2335\/revisions\/2778"}],"wp:attachment":[{"href":"https:\/\/oftalmologijabih.ba\/en\/wp-json\/wp\/v2\/media?parent=2335"}],"curies":[{"name":"wp","href":"https:\/\/api.w.org\/{rel}","templated":true}]}}