{"id":2462,"date":"2021-04-07T15:07:36","date_gmt":"2021-04-07T13:07:36","guid":{"rendered":"https:\/\/oftalmologijabih.ba\/savjetovaliste-za-pacijente\/"},"modified":"2021-06-08T13:38:52","modified_gmt":"2021-06-08T11:38:52","slug":"savjetovaliste-za-pacijente","status":"publish","type":"page","link":"https:\/\/oftalmologijabih.ba\/en\/savjetovaliste-za-pacijente\/","title":{"rendered":"Savjetovali\u0161te za pacijente"},"content":{"rendered":"<p>[vc_row rsclass=&#8221;clean&#8221; el_class=&#8221;container&#8221; css=&#8221;.vc_custom_1617799793649{margin-top: 50px !important;}&#8221;][vc_column rsclass=&#8221;clean&#8221;][vc_row_inner rsclass=&#8221;clean&#8221; el_class=&#8221;row&#8221;][vc_column_inner el_class=&#8221;col-lg-6 text-center text-lg-left pr-md-4&#8243; width=&#8221;1\/2&#8243; rsclass=&#8221;clean&#8221;][vc_single_image image=&#8221;2354&#8243; img_size=&#8221;full&#8221; rsclass=&#8221;clean&#8221; rs_image_class=&#8221;w-100&#8243;][\/vc_single_image][\/vc_column_inner][vc_column_inner el_class=&#8221;col-lg-6 mt-3 mt-lg-0&#8243; width=&#8221;1\/2&#8243; rsclass=&#8221;clean&#8221; rsinner=&#8221;ch_pr_45&#8243;][vc_toggle title=&#8221;\u0160ta je to slabovidost kod djece i da li se mo\u017ee lije\u010diti? &#8220;]Ambliopija ili slabovidost je poreme\u0107aj, tj. slabost vidne o\u0161trine naj\u010de\u0161\u0107e jednog ili u rijetkim slu\u010dajevima oba oka. Razlozi su naj\u010de\u0161\u0107e strabizam jednog oka, visoka refraktivna anomalija jednog u odnosu na drugo oko, spu\u0161ten kapak kod djece koji pokriva zjenicu, ili druge oti\u010dke barijere koje onemogu\u0107avaju vidnu stimulaciju centralnog nervnog sistema poput katarakte ili zamu\u0107enja ro\u017enice. Stanje se mo\u017ee lije\u010diti u ranom djetinjstvu kada se vidni sistem jos uvijek razvija. Sa ve\u0107om staro\u0161\u0107u dijeteta uspijeh lije\u010denja opada. Najva\u017eniji element u lije\u010denju jeste omogu\u0107avanje jasne slike, tj. vidna stimulacija. To se posti\u017ee korekcijom dioptrije, okluzijama boljeg oka, ili uklanjanjem opti\u010dnih barijera tj. podizanjem kapaka ili operacijama katarakte.[\/vc_toggle][vc_toggle title=&#8221;Da li dugotrajno gledanje ekrana kompjutera i laptopa mo\u017ee \u0161tetiti vidu?&#8221;]Iako prekomjerna upotreba ekrana laptopa ili ra\u010dunara ne\u0107e uzrokovati mehani\u010dko ili organsko o\u0161te\u0107enje oka, mo\u017ee uzrokovati simptome i znake suhog oka, te subjektivne tegobe povezane sa sindromom koji se naziva Computer Eye Strain ili premorenost oka izazvana predugom upotrebom ekrana. To su tegobe u vidu peckanja, \u017euljanja, pritiska u o\u010dima, suzenja, osjetljivosti na svjetlost i osje\u0107aja zamora oka. Tegobe se mogu ubla\u017eiti \u010destim kapanjem vje\u0161ta\u010dkih suza tj. lubrikanata u o\u010di minimalno nekoliko puta dnevno, provjetravanjem prostorija zbog korisnog dejstva kisika, \u010destim pauzama ili relaksiranjem pogleda prema prozoru nekoliko sekundi, te namjernim treptanjem na koje zaboravimo dok gledamo u ekran.<br \/>\nUkoliko ove metode ne daju pozitivan rezultat, potrebno je posjetiti oftalmologa.[\/vc_toggle][vc_toggle title=&#8221;\u0160ta trebamo raditi kada bebi suzi oko ili stalno krmelja? Pedijatar ka\u017ee da je za\u010depljen suzni kanal.&#8221;]Najprije trebate posjetiti oftalmologa, po mogu\u0107nosti pedijatrijskog ili okuloplasti\u010dnog oftalmologa da bi se potvrdila dijagnoza. Ukoliko se utvrdi da je nazolakrimalni tj. suzni kanal za\u010depljen, a beba ima manje od 7 ili 8 mjeseci, vjerovatno \u0107e vam se dati uputa o masa\u017ei suzne kesice i kanala, da nosi\u0107 odr\u017eavate \u010distim i prohodnim, te prema potrebi upotrebljavate antibiotske kapi. Obi\u010dno nakon osmog mjeseca ukoliko beba i dalje ima iste simptome, indicirano je uraditi sondiranje kanala Bowmanovim sondama i na taj na\u010din poku\u0161ati otvoritit su\u017een kanal. Sondiranje se radi sa ili bez implantacije lakrimalnog silikonskog stenta. Ukoliko ova metoda ne bude uspje\u0161na u prvom aktu, mo\u017ee se nekoliko puta ponoviti, te na kraju u slu\u010daju potpune obstrukcije uradititi zahvat nazvan dakriocistorinostomija (DCR).[\/vc_toggle][vc_toggle title=&#8221;Koliko je trajna operacija podizanja kapak? Ho\u0107e li se nakon operacije opet spustiti?&#8221;]Potrebno je razlikovati spu\u0161tene kapke kada kapak prelazi preko ro\u017enice, od vi\u0161ka ko\u017ee gornjih kapaka koji svojim rubom zaklanjaju vidno polje, ali sam kapak nije spu\u0161ten. Prvo stanje se naziva ptozom, a drugo dermatohalazom. U oba slu\u010daja jedina opcije je operativni zahvat, koji ima trajan rezultat i obi\u010dno se ne treba ponavljati osim u slu\u010daju kada se operi\u0161u djeca aloplasti\u010dnim materijalima koje je potrebno nakon nekoliko godina zamijeniti. Takodjer, ukoliko nakon operacije uklanjanja vi\u0161ka ko\u017ee (blefaroplastika) dodje do ponovnog stvaranja vi\u0161ka ko\u017ee nakon nekoliko godina, zahvat se mo\u017ee ponoviti po istom hirur\u0161kom rezu \u0161to ostavlja minimalan o\u017eiljak.[\/vc_toggle][vc_toggle title=&#8221;Zbog \u010dega vidim povremeno mu\u0161ice ispred oka, posebno kada gledam u svijetlu podlogu?&#8221;]Mu\u0161ice, opaciteti ili floatersi su izuzetno \u010desta pojava kod osoba sa potpuno zdravim okom i urednim vidom. Obi\u010dno ih pacijenti opisuju kao mu\u0161ice, paukove ili mrlje pred okom. Ukoliko se stanje, veli\u010dina i u\u010destalost ne mijenju vjerovatno se radi o gore navedenom stanju kojem je potrebno samo pra\u0107enje. Ukoliko se desi promjena u veli\u010dini ili obliku floatersa, pojava bljeskova ili se isti jave naglo, potrebno se odmah javiti oftalmologu koji \u0107e nakon \u0161irenja zjenica pregledati stra\u017enji segment oka i uraditi ultrazvuk oka. [\/vc_toggle][vc_toggle title=&#8221;\u010cesto osjetim titranje oka, da li je to normalno i sta da uradim da prestane?&#8221;]Titranje oka ili miokimije su obicno benigno stanje koje uklju\u010duje fascikulacije mi\u0161i\u0107a kapka i periokularne regije koji se naziva orbikularni misi\u0107. Postoji vi\u0161e mogu\u0107ih etiolo\u0161kih faktora koji mogu biti okida\u010d za pojavu miokimija, poput umora, stresa, prekomjernog unosa kofeina ili konjunktivitisa, iako se smatra da je ta\u010dan uzrok nepoznat. Obi\u010dno su samoograni\u010davaju\u0107e, benigne i traju od nekoliko sati, dana do par mjeseci. U\u010dinkovita terapija su vje\u0161ta\u010dke suze, odmor, tople ili hladne obloge i masa\u017ea. U slu\u010dajevima dugotrajnih stanja mo\u017ee se aplicirati Botox u subdoziranim dozama.[\/vc_toggle][\/vc_column_inner][\/vc_row_inner][vc_row_inner rsclass=&#8221;clean&#8221; el_class=&#8221;row&#8221; css=&#8221;.vc_custom_1619686931677{margin-top: 35px !important;}&#8221;][vc_column_inner el_class=&#8221;col-lg-6 text-center text-lg-left pr-md-4&#8243; width=&#8221;1\/2&#8243; rsclass=&#8221;clean&#8221;][vc_video link=&#8221;https:\/\/www.youtube.com\/watch?v=_hy5DTOuw6o&#8221;][\/vc_column_inner][vc_column_inner el_class=&#8221;col-lg-6 mt-3 mt-lg-0&#8243; width=&#8221;1\/2&#8243; rsclass=&#8221;clean&#8221; rsinner=&#8221;ch_pr_45&#8243;][vc_video link=&#8221;https:\/\/www.youtube.com\/watch?v=1p1hAaLv6LA&#8221;][\/vc_column_inner][\/vc_row_inner][\/vc_column][\/vc_row][vc_row full_height=&#8221;yes&#8221; rsclass=&#8221;clean&#8221; css=&#8221;.vc_custom_1617792847345{margin-top: 60px !important;}&#8221; el_class=&#8221;container&#8221;][vc_column rsclass=&#8221;clean&#8221;][vc_column_text rsclass=&#8221;clean&#8221;]<\/p>\n<div class=\"btn-wrap mt-3 mt-lg-4\"><a class=\"btn\" href=\"#\" rel=\"noopener noreferrer\" data-toggle=\"modal\" data-target=\"#modalQuestionForm\"><svg class=\"icon icon-right-arrow\" version=\"1.1\" xmlns=\"http:\/\/www.w3.org\/2000\/svg\" width=\"32\" height=\"32\" viewBox=\"0 0 32 32\"><path d=\"M21.548 5.088c-0.436-0.451-1.162-0.451-1.613 0-0.436 0.436-0.436 1.162 0 1.596l8.177 8.177h-26.984c-0.629 0.001-1.129 0.501-1.129 1.13s0.5 1.145 1.129 1.145h26.984l-8.177 8.162c-0.436 0.451-0.436 1.178 0 1.613 0.451 0.451 1.178 0.451 1.613 0l10.113-10.113c0.451-0.436 0.451-1.162 0-1.596l-10.113-10.114z\"><\/path><\/svg>Postavite pitanje<svg class=\"icon icon-right-arrow\" version=\"1.1\" xmlns=\"http:\/\/www.w3.org\/2000\/svg\" width=\"32\" height=\"32\" viewBox=\"0 0 32 32\"><path d=\"M21.548 5.088c-0.436-0.451-1.162-0.451-1.613 0-0.436 0.436-0.436 1.162 0 1.596l8.177 8.177h-26.984c-0.629 0.001-1.129 0.501-1.129 1.13s0.5 1.145 1.129 1.145h26.984l-8.177 8.162c-0.436 0.451-0.436 1.178 0 1.613 0.451 0.451 1.178 0.451 1.613 0l10.113-10.113c0.451-0.436 0.451-1.162 0-1.596l-10.113-10.114z\"><\/path><\/svg><\/a><\/div>\n<p>[\/vc_column_text][\/vc_column][\/vc_row][vc_row full_height=&#8221;yes&#8221; disable_element=&#8221;yes&#8221; rsclass=&#8221;clean&#8221; css=&#8221;.vc_custom_1618986367071{margin-top: 60px !important;}&#8221; el_class=&#8221;container&#8221;][vc_column rsclass=&#8221;clean&#8221;][vc_custom_heading text=&#8221;Oblast&#8221; font_container=&#8221;tag:h3|text_align:left&#8221; use_theme_fonts=&#8221;yes&#8221; rs_decor_place=&#8221;2&#8243;][\/vc_custom_heading][vc_toggle title=&#8221;Pitanje pitanje pitanje pitanje pitanje pitanje pitanje pitanje&#8221;]Odgovor odgovor odgovor odgovor odgovor odgovor odgovor odgovor odgovor odgovor odgovor odgovor odgovor odgovor odgovor odgovor odgovor odgovor odgovor odgovor odgovor odgovor odgovor odgovor odgovor odgovor odgovor odgovor odgovor odgovor odgovor .[\/vc_toggle][vc_toggle title=&#8221;Pitanje pitanje pitanje pitanje pitanje pitanje pitanje pitanje&#8221;]Odgovor odgovor odgovor odgovor odgovor odgovor odgovor odgovor odgovor odgovor odgovor odgovor odgovor odgovor odgovor odgovor odgovor odgovor odgovor odgovor odgovor odgovor odgovor odgovor odgovor odgovor odgovor odgovor odgovor odgovor odgovor .[\/vc_toggle][vc_toggle title=&#8221;Pitanje pitanje pitanje pitanje pitanje pitanje pitanje pitanje&#8221;]Odgovor odgovor odgovor odgovor odgovor odgovor odgovor odgovor odgovor odgovor odgovor odgovor odgovor odgovor odgovor odgovor odgovor odgovor odgovor odgovor odgovor odgovor odgovor odgovor odgovor odgovor odgovor odgovor odgovor odgovor odgovor .[\/vc_toggle][vc_toggle title=&#8221;Pitanje pitanje pitanje pitanje pitanje pitanje pitanje pitanje&#8221;]Odgovor odgovor odgovor odgovor odgovor odgovor odgovor odgovor odgovor odgovor odgovor odgovor odgovor odgovor odgovor odgovor odgovor odgovor odgovor odgovor odgovor odgovor odgovor odgovor odgovor odgovor odgovor odgovor odgovor odgovor odgovor .[\/vc_toggle][\/vc_column][\/vc_row][vc_row full_height=&#8221;yes&#8221; disable_element=&#8221;yes&#8221; rsclass=&#8221;clean&#8221; css=&#8221;.vc_custom_1618986376436{margin-top: 60px !important;}&#8221; el_class=&#8221;container&#8221;][vc_column rsclass=&#8221;clean&#8221;][vc_custom_heading text=&#8221;Oblast&#8221; font_container=&#8221;tag:h3|text_align:left&#8221; use_theme_fonts=&#8221;yes&#8221; rs_decor_place=&#8221;2&#8243;][\/vc_custom_heading][vc_toggle title=&#8221;Pitanje pitanje pitanje pitanje pitanje pitanje pitanje pitanje pitanje&#8221;]Odgovor odgovor odgovor odgovor odgovor odgovor odgovor odgovor odgovor odgovor odgovor odgovor odgovor odgovor odgovor odgovor odgovor odgovor odgovor odgovor odgovor odgovor odgovor odgovor odgovor odgovor odgovor odgovor odgovor odgovor odgovor .[\/vc_toggle][vc_toggle title=&#8221;Pitanje pitanje pitanje pitanje pitanje pitanje pitanje pitanje pitanje&#8221;]Odgovor odgovor odgovor odgovor odgovor odgovor odgovor odgovor odgovor odgovor odgovor odgovor odgovor odgovor odgovor odgovor odgovor odgovor odgovor odgovor odgovor odgovor odgovor odgovor odgovor odgovor odgovor odgovor odgovor odgovor odgovor .[\/vc_toggle][vc_toggle title=&#8221;Pitanje pitanje pitanje pitanje pitanje pitanje pitanje pitanje pitanje&#8221;]Odgovor odgovor odgovor odgovor odgovor odgovor odgovor odgovor odgovor odgovor odgovor odgovor odgovor odgovor odgovor odgovor odgovor odgovor odgovor odgovor odgovor odgovor odgovor odgovor odgovor odgovor odgovor odgovor odgovor odgovor odgovor .[\/vc_toggle][vc_toggle title=&#8221;Pitanje pitanje pitanje pitanje pitanje pitanje pitanje pitanje pitanje&#8221;]Odgovor odgovor odgovor odgovor odgovor odgovor odgovor odgovor odgovor odgovor odgovor odgovor odgovor odgovor odgovor odgovor odgovor odgovor odgovor odgovor odgovor odgovor odgovor odgovor odgovor odgovor odgovor odgovor odgovor odgovor odgovor .[\/vc_toggle][vc_toggle title=&#8221;Pitanje pitanje pitanje pitanje pitanje pitanje pitanje pitanje pitanje&#8221;]Odgovor odgovor odgovor odgovor odgovor odgovor odgovor odgovor odgovor odgovor odgovor odgovor odgovor odgovor odgovor odgovor odgovor odgovor odgovor odgovor odgovor odgovor odgovor odgovor odgovor odgovor odgovor odgovor odgovor odgovor odgovor .[\/vc_toggle][vc_toggle title=&#8221;Pitanje pitanje pitanje pitanje pitanje pitanje pitanje pitanje pitanje&#8221;]Odgovor odgovor odgovor odgovor odgovor odgovor odgovor odgovor odgovor odgovor odgovor odgovor odgovor odgovor odgovor odgovor odgovor odgovor odgovor odgovor odgovor odgovor odgovor odgovor odgovor odgovor odgovor odgovor odgovor odgovor odgovor .[\/vc_toggle][vc_toggle title=&#8221;Pitanje pitanje pitanje pitanje pitanje pitanje pitanje pitanje pitanje&#8221;]Odgovor odgovor odgovor odgovor odgovor odgovor odgovor odgovor odgovor odgovor odgovor odgovor odgovor odgovor odgovor odgovor odgovor odgovor odgovor odgovor odgovor odgovor odgovor odgovor odgovor odgovor odgovor odgovor odgovor odgovor odgovor .[\/vc_toggle][\/vc_column][\/vc_row][vc_row rsclass=&#8221;clean&#8221; el_id=&#8221;modalQuestionForm&#8221; el_class=&#8221;modal modal-form modal-form-sm fade&#8221;][vc_column rsclass=&#8221;clean&#8221; el_class=&#8221;modal-dialog&#8221; rsinner=&#8221;modal-content&#8221;][vc_column_text rsclass=&#8221;clean&#8221;]<\/p>\n<div class=\"tt\"><button class=\"close\" aria-label=\"Close\" data-dismiss=\"modal\"><svg class=\"icon icon-error\" version=\"1.1\" xmlns=\"http:\/\/www.w3.org\/2000\/svg\" width=\"32\" height=\"32\" viewBox=\"0 0 32 32\"><path d=\"M27.319 4.681c-6.241-6.241-16.396-6.242-22.638 0s-6.241 16.396 0 22.638 16.396 6.242 22.638 0c6.241-6.242 6.241-16.397 0-22.638zM22.312 22.312c-0.481 0.481-1.26 0.481-1.741 0l-4.571-4.571-4.789 4.789c-0.481 0.481-1.26 0.481-1.741 0s-0.481-1.26 0-1.741l4.789-4.789-4.571-4.571c-0.481-0.481-0.481-1.261 0-1.741s1.26-0.481 1.741 0l4.571 4.571 4.353-4.353c0.481-0.481 1.26-0.481 1.741 0s0.481 1.26 0 1.741l-4.353 4.353 4.571 4.571c0.481 0.481 0.481 1.26 0 1.741z\"><\/path><\/svg><\/button><\/div>\n<p>[\/vc_column_text][vc_row_inner rsclass=&#8221;clean&#8221; el_class=&#8221;modal-body&#8221;][vc_column_inner el_class=&#8221;modal-form&#8221; rsclass=&#8221;clean&#8221;][vc_custom_heading text=&#8221;Postavite pitanje&#8221; font_container=&#8221;tag:h3|text_align:left&#8221; use_theme_fonts=&#8221;yes&#8221; rs_decor_place=&#8221;2&#8243;][\/vc_custom_heading]\n<div class=\"wpcf7 no-js\" id=\"wpcf7-f244-o1\" lang=\"en-US\" dir=\"ltr\" data-wpcf7-id=\"244\">\n<div class=\"screen-reader-response\"><p role=\"status\" aria-live=\"polite\" aria-atomic=\"true\"><\/p> <ul><\/ul><\/div>\n<form action=\"\/en\/wp-json\/wp\/v2\/pages\/2462#wpcf7-f244-o1\" method=\"post\" class=\"wpcf7-form init\" aria-label=\"Contact form\" novalidate=\"novalidate\" data-status=\"init\">\n<fieldset class=\"hidden-fields-container\"><input type=\"hidden\" name=\"_wpcf7\" value=\"244\" \/><input type=\"hidden\" name=\"_wpcf7_version\" value=\"6.1\" \/><input type=\"hidden\" name=\"_wpcf7_locale\" value=\"en_US\" \/><input type=\"hidden\" name=\"_wpcf7_unit_tag\" value=\"wpcf7-f244-o1\" \/><input type=\"hidden\" name=\"_wpcf7_container_post\" value=\"0\" \/><input type=\"hidden\" name=\"_wpcf7_posted_data_hash\" value=\"\" \/>\n<\/fieldset>\n<div class=\"contact-form contact7__custom-form\" id=\"contactForm\">\n\t<div class=\"pr-0\">\n\t\t<div>\n\t\t\t<p><span class=\"wpcf7-form-control-wrap\" data-name=\"text-674\"><input size=\"40\" maxlength=\"400\" class=\"wpcf7-form-control wpcf7-text wpcf7-validates-as-required form-control\" aria-required=\"true\" aria-invalid=\"false\" placeholder=\"Va\u0161e ime*\" value=\"\" type=\"text\" name=\"text-674\" \/><\/span>\n\t\t\t<\/p>\n\t\t<\/div>\n\t\t<div class=\"mt-15\">\n\t\t\t<p><span class=\"wpcf7-form-control-wrap\" data-name=\"your-email\"><input size=\"40\" maxlength=\"400\" class=\"wpcf7-form-control wpcf7-email wpcf7-validates-as-required wpcf7-text wpcf7-validates-as-email form-control\" aria-required=\"true\" aria-invalid=\"false\" placeholder=\"Email adresa*\" value=\"\" type=\"email\" name=\"your-email\" \/><\/span>\n\t\t\t<\/p>\n\t\t<\/div>\n\t\t<div class=\"mt-15\">\n\t\t\t<p><span class=\"wpcf7-form-control-wrap\" data-name=\"tel-968\"><input size=\"40\" maxlength=\"400\" class=\"wpcf7-form-control wpcf7-tel wpcf7-text wpcf7-validates-as-tel form-control\" aria-invalid=\"false\" placeholder=\"Broj telefona\" value=\"\" type=\"tel\" name=\"tel-968\" \/><\/span>\n\t\t\t<\/p>\n\t\t<\/div>\n\t<\/div>\n\t<div class=\"mt-15\">\n\t\t<p><span class=\"wpcf7-form-control-wrap\" data-name=\"textarea-257\"><textarea cols=\"40\" rows=\"10\" maxlength=\"2000\" class=\"wpcf7-form-control wpcf7-textarea form-control\" aria-invalid=\"false\" name=\"textarea-257\">Pitanje*<\/textarea><\/span>\n\t\t<\/p>\n\t<\/div>\n\t<div class=\"mt-15\">\n\t\t<p><input type=\"hidden\" name=\"_wpcf7_captcha_challenge_captcha-1\" value=\"2284857320\" \/><img loading=\"lazy\" decoding=\"async\" class=\"wpcf7-form-control wpcf7-captchac wpcf7-captcha-captcha-1\" width=\"72\" height=\"24\" alt=\"captcha\" src=\"https:\/\/oftalmologijabih.ba\/wp-content\/uploads\/wpcf7_captcha\/2284857320.png\" \/><span class=\"wpcf7-form-control-wrap\" data-name=\"captcha-1\"><input size=\"40\" class=\"wpcf7-form-control wpcf7-captchar\" autocomplete=\"off\" aria-invalid=\"false\" placeholder=\"Unesite kod*\" value=\"\" type=\"text\" name=\"captcha-1\" \/><\/span>\n\t\t<\/p>\n\t<\/div>\n\t<div class=\"mt-4\">\n\t\t<p><input class=\"wpcf7-form-control wpcf7-submit has-spinner btn\" type=\"submit\" value=\"Po\u0161aljite\" \/>\n\t\t<\/p>\n\t<\/div>\n<\/div><div class=\"wpcf7-response-output\" aria-hidden=\"true\"><\/div>\n<\/form>\n<\/div>\n[\/vc_column_inner][\/vc_row_inner][\/vc_column][\/vc_row]<\/p>\n","protected":false},"excerpt":{"rendered":"<p>[vc_row rsclass=&#8221;clean&#8221; el_class=&#8221;container&#8221; css=&#8221;.vc_custom_1617799793649{margin-top: 50px !important;}&#8221;][vc_column rsclass=&#8221;clean&#8221;][vc_row_inner rsclass=&#8221;clean&#8221; el_class=&#8221;row&#8221;][vc_column_inner el_class=&#8221;col-lg-6 text-center text-lg-left pr-md-4&#8243; width=&#8221;1\/2&#8243; rsclass=&#8221;clean&#8221;][vc_single_image image=&#8221;2354&#8243; img_size=&#8221;full&#8221; rsclass=&#8221;clean&#8221; rs_image_class=&#8221;w-100&#8243;][\/vc_single_image][\/vc_column_inner][vc_column_inner el_class=&#8221;col-lg-6 mt-3 mt-lg-0&#8243; width=&#8221;1\/2&#8243; rsclass=&#8221;clean&#8221; rsinner=&#8221;ch_pr_45&#8243;][vc_toggle title=&#8221;\u0160ta je to slabovidost kod djece i da li se mo\u017ee lije\u010diti? &#8220;]Ambliopija ili slabovidost je poreme\u0107aj, tj. slabost vidne o\u0161trine naj\u010de\u0161\u0107e jednog ili u rijetkim slu\u010dajevima oba oka. Razlozi <\/p>\n<div class=\"btn-more-wrapper\"><a href=\"https:\/\/oftalmologijabih.ba\/en\/savjetovaliste-za-pacijente\/\" class=\"btn btn-sm btn-hover-fill\"><svg class=\"icon icon-right-arrow\" version=\"1.1\" xmlns=\"http:\/\/www.w3.org\/2000\/svg\" width=\"32\" height=\"32\" viewBox=\"0 0 32 32\"><path d=\"M21.548 5.088c-0.436-0.451-1.162-0.451-1.613 0-0.436 0.436-0.436 1.162 0 1.596l8.177 8.177h-26.984c-0.629 0.001-1.129 0.501-1.129 1.13s0.5 1.145 1.129 1.145h26.984l-8.177 8.162c-0.436 0.451-0.436 1.178 0 1.613 0.451 0.451 1.178 0.451 1.613 0l10.113-10.113c0.451-0.436 0.451-1.162 0-1.596l-10.113-10.114z\"><\/path><\/svg>Read More<span class=\"screen-reader-text\"> &#8220;Savjetovali\u0161te za pacijente&#8221;<\/span><svg class=\"icon icon-right-arrow\" version=\"1.1\" xmlns=\"http:\/\/www.w3.org\/2000\/svg\" width=\"32\" height=\"32\" viewBox=\"0 0 32 32\"><path d=\"M21.548 5.088c-0.436-0.451-1.162-0.451-1.613 0-0.436 0.436-0.436 1.162 0 1.596l8.177 8.177h-26.984c-0.629 0.001-1.129 0.501-1.129 1.13s0.5 1.145 1.129 1.145h26.984l-8.177 8.162c-0.436 0.451-0.436 1.178 0 1.613 0.451 0.451 1.178 0.451 1.613 0l10.113-10.113c0.451-0.436 0.451-1.162 0-1.596l-10.113-10.114z\"><\/path><\/svg><\/a><\/div>\n","protected":false},"author":1,"featured_media":2785,"parent":0,"menu_order":0,"comment_status":"closed","ping_status":"closed","template":"custompagett.php","meta":{"footnotes":""},"class_list":["post-2462","page","type-page","status-publish","has-post-thumbnail","hentry"],"_links":{"self":[{"href":"https:\/\/oftalmologijabih.ba\/en\/wp-json\/wp\/v2\/pages\/2462","targetHints":{"allow":["GET"]}}],"collection":[{"href":"https:\/\/oftalmologijabih.ba\/en\/wp-json\/wp\/v2\/pages"}],"about":[{"href":"https:\/\/oftalmologijabih.ba\/en\/wp-json\/wp\/v2\/types\/page"}],"author":[{"embeddable":true,"href":"https:\/\/oftalmologijabih.ba\/en\/wp-json\/wp\/v2\/users\/1"}],"replies":[{"embeddable":true,"href":"https:\/\/oftalmologijabih.ba\/en\/wp-json\/wp\/v2\/comments?post=2462"}],"version-history":[{"count":9,"href":"https:\/\/oftalmologijabih.ba\/en\/wp-json\/wp\/v2\/pages\/2462\/revisions"}],"predecessor-version":[{"id":2968,"href":"https:\/\/oftalmologijabih.ba\/en\/wp-json\/wp\/v2\/pages\/2462\/revisions\/2968"}],"wp:featuredmedia":[{"embeddable":true,"href":"https:\/\/oftalmologijabih.ba\/en\/wp-json\/wp\/v2\/media\/2785"}],"wp:attachment":[{"href":"https:\/\/oftalmologijabih.ba\/en\/wp-json\/wp\/v2\/media?parent=2462"}],"curies":[{"name":"wp","href":"https:\/\/api.w.org\/{rel}","templated":true}]}}